{"id":18056,"date":"2025-05-20T09:35:43","date_gmt":"2025-05-20T07:35:43","guid":{"rendered":"https:\/\/www.aranhostel.cat\/?page_id=18056"},"modified":"2025-05-20T09:47:23","modified_gmt":"2025-05-20T07:47:23","slug":"pco","status":"publish","type":"page","link":"https:\/\/www.aranhostel.cat\/es\/pco\/","title":{"rendered":"Pol\u00edtica de cookies"},"content":{"rendered":"<p>Fecha de entrada en vigor: 20-May-2025<\/p>\n<h4>\u00bfQu\u00e9 son las cookies?<\/h4>\n<p>Esta Pol\u00edtica de Cookies explica qu\u00e9 son las cookies y c\u00f3mo las utilizamos, los tipos de cookies que usamos, es decir, la informaci\u00f3n que recopilamos mediante cookies y c\u00f3mo se utiliza esa informaci\u00f3n, y c\u00f3mo gestionar la configuraci\u00f3n de cookies.<\/p>\n<p>Las cookies son peque\u00f1os archivos de texto que se utilizan para almacenar peque\u00f1as piezas de informaci\u00f3n. Se almacenan en tu dispositivo cuando el sitio web se carga en tu navegador. Estas cookies nos ayudan a que el sitio web funcione correctamente, sea m\u00e1s seguro, proporcione una mejor experiencia de usuario y nos permita comprender c\u00f3mo funciona el sitio web y analizar qu\u00e9 funciona y qu\u00e9 necesita mejorar.<\/p>\n<h4>\u00bfC\u00f3mo usamos las cookies?<\/h4>\n<p>Como la mayor\u00eda de los servicios en l\u00ednea, nuestro sitio web utiliza cookies propias y de terceros para varios prop\u00f3sitos. Las cookies propias son principalmente necesarias para que el sitio web funcione correctamente y no recopilan ninguno de tus datos personales identificables.<\/p>\n<p>Las cookies de terceros utilizadas en nuestro sitio web se emplean principalmente para comprender c\u00f3mo funciona el sitio web, c\u00f3mo interact\u00faas con nuestro sitio, mantener nuestros servicios seguros, ofrecerte anuncios relevantes y, en general, proporcionarte una mejor experiencia de usuario y ayudar a agilizar tus futuras interacciones con nuestro sitio web.<\/p>\n<p>[wcc_category_list]<\/p>\n<h4>Gestionar las preferencias de cookies<\/h4>\n<p>Puedes cambiar tus preferencias de cookies en cualquier momento haciendo clic en el bot\u00f3n [wcc_preference_button]. Esto te permitir\u00e1 volver a ver el banner de consentimiento de cookies y modificar tus preferencias o retirar tu consentimiento de inmediato. Adem\u00e1s, los distintos navegadores ofrecen diferentes m\u00e9todos para bloquear y eliminar las cookies utilizadas por los sitios web. Puedes cambiar la configuraci\u00f3n de tu navegador para bloquear o eliminar las cookies. A continuaci\u00f3n, se indican los enlaces a los documentos de soporte sobre c\u00f3mo gestionar y eliminar las cookies en los principales navegadores web.<\/p>\n<p>Chrome: <a href=\"https:\/\/support.google.com\/accounts\/answer\/32050\"> https:\/\/support.google.com\/accounts\/answer\/32050<\/a><\/p>\n<p>Safari: <a href=\"https:\/\/support.apple.com\/en-in\/guide\/safari\/sfri11471\/mac\">https:\/\/support.apple.com\/en-in\/guide\/safari\/sfri11471\/mac<\/a><\/p>\n<p>Firefox: <a href=\"https:\/\/support.mozilla.org\/en-US\/kb\/clear-cookies-and-site-data-firefox?redirectslug=delete-cookies-remove-info-websites-stored&amp;redirectlocale=en-US\">https:\/\/support.mozilla.org\/en-US\/kb\/clear-cookies-and-site-data-firefox?redirectslug=delete-cookies-remove-info-websites-stored&amp;redirectlocale=en-US<\/a><\/p>\n<p>Microsoft Edge: <a href=\"https:\/\/support.microsoft.com\/en-us\/microsoft-edge\/delete-cookies-in-microsoft-edge-63947406-40ac-c3b8-57b9-2a946a29ae09\">Eliminar cookies en Microsoft Edge &#8211; Soporte de Microsoft<\/a><\/p>\n<p>Si utilizas otro navegador web, consulta la documentaci\u00f3n oficial de soporte del navegador.<\/p>\n","protected":false},"excerpt":{"rendered":"<p>Fecha de entrada en vigor: 20-May-2025 \u00bfQu\u00e9 son las cookies? Esta Pol\u00edtica de Cookies explica qu\u00e9 son las cookies y c\u00f3mo las utilizamos, los tipos de cookies que usamos, es decir, la informaci\u00f3n que recopilamos mediante cookies y c\u00f3mo se utiliza esa informaci\u00f3n, y c\u00f3mo gestionar la configuraci\u00f3n de cookies. Las cookies son peque\u00f1os archivos [&hellip;]<\/p>\n","protected":false},"author":9,"featured_media":0,"parent":0,"menu_order":0,"comment_status":"closed","ping_status":"closed","template":"","meta":{"footnotes":""},"class_list":["post-18056","page","type-page","status-publish","has-post-thumbnail","hentry"],"yoast_head":"<!-- This site is optimized with the Yoast SEO plugin v27.4 - https:\/\/yoast.com\/product\/yoast-seo-wordpress\/ -->\n<title>Pol\u00edtica de cookies - Aran Hostel<\/title>\n<meta name=\"robots\" content=\"index, follow, max-snippet:-1, max-image-preview:large, max-video-preview:-1\" \/>\n<link rel=\"canonical\" href=\"https:\/\/www.aranhostel.cat\/es\/pco\/\" \/>\n<meta property=\"og:locale\" content=\"es_ES\" \/>\n<meta property=\"og:type\" content=\"article\" \/>\n<meta property=\"og:title\" content=\"Pol\u00edtica de cookies - Aran Hostel\" \/>\n<meta property=\"og:description\" content=\"Fecha de entrada en vigor: 20-May-2025 \u00bfQu\u00e9 son las cookies? Esta Pol\u00edtica de Cookies explica qu\u00e9 son las cookies y c\u00f3mo las utilizamos, los tipos de cookies que usamos, es decir, la informaci\u00f3n que recopilamos mediante cookies y c\u00f3mo se utiliza esa informaci\u00f3n, y c\u00f3mo gestionar la configuraci\u00f3n de cookies. Las cookies son peque\u00f1os archivos [&hellip;]\" \/>\n<meta property=\"og:url\" content=\"https:\/\/www.aranhostel.cat\/es\/pco\/\" \/>\n<meta property=\"og:site_name\" content=\"Aran Hostel\" \/>\n<meta property=\"article:modified_time\" content=\"2025-05-20T07:47:23+00:00\" \/>\n<meta property=\"og:image\" content=\"https:\/\/www.aranhostel.cat\/wp-content\/uploads\/2022\/01\/aran-hostel-salardu.png\" \/>\n\t<meta property=\"og:image:width\" content=\"429\" \/>\n\t<meta property=\"og:image:height\" content=\"95\" \/>\n\t<meta property=\"og:image:type\" content=\"image\/png\" \/>\n<meta name=\"twitter:card\" content=\"summary_large_image\" \/>\n<meta name=\"twitter:label1\" content=\"Tiempo de lectura\" \/>\n\t<meta name=\"twitter:data1\" content=\"2 minutos\" \/>\n<script type=\"application\/ld+json\" class=\"yoast-schema-graph\">{\"@context\":\"https:\\\/\\\/schema.org\",\"@graph\":[{\"@type\":\"WebPage\",\"@id\":\"https:\\\/\\\/www.aranhostel.cat\\\/es\\\/pco\\\/\",\"url\":\"https:\\\/\\\/www.aranhostel.cat\\\/es\\\/pco\\\/\",\"name\":\"Pol\u00edtica de cookies - Aran Hostel\",\"isPartOf\":{\"@id\":\"https:\\\/\\\/www.aranhostel.cat\\\/#website\"},\"datePublished\":\"2025-05-20T07:35:43+00:00\",\"dateModified\":\"2025-05-20T07:47:23+00:00\",\"breadcrumb\":{\"@id\":\"https:\\\/\\\/www.aranhostel.cat\\\/es\\\/pco\\\/#breadcrumb\"},\"inLanguage\":\"es\",\"potentialAction\":[{\"@type\":\"ReadAction\",\"target\":[\"https:\\\/\\\/www.aranhostel.cat\\\/es\\\/pco\\\/\"]}]},{\"@type\":\"BreadcrumbList\",\"@id\":\"https:\\\/\\\/www.aranhostel.cat\\\/es\\\/pco\\\/#breadcrumb\",\"itemListElement\":[{\"@type\":\"ListItem\",\"position\":1,\"name\":\"Home\",\"item\":\"https:\\\/\\\/www.aranhostel.cat\\\/es\\\/\"},{\"@type\":\"ListItem\",\"position\":2,\"name\":\"Pol\u00edtica de cookies\"}]},{\"@type\":\"WebSite\",\"@id\":\"https:\\\/\\\/www.aranhostel.cat\\\/#website\",\"url\":\"https:\\\/\\\/www.aranhostel.cat\\\/\",\"name\":\"Aran Hostel\",\"description\":\"Al\u00f3jate en el coraz\u00f3n del Valle de Ar\u00e1n\",\"alternateName\":\"Allotja\u2019t al cor de la Vall d\u2019Aran\",\"potentialAction\":[{\"@type\":\"SearchAction\",\"target\":{\"@type\":\"EntryPoint\",\"urlTemplate\":\"https:\\\/\\\/www.aranhostel.cat\\\/?s={search_term_string}\"},\"query-input\":{\"@type\":\"PropertyValueSpecification\",\"valueRequired\":true,\"valueName\":\"search_term_string\"}}],\"inLanguage\":\"es\"}]}<\/script>\n<!-- \/ Yoast SEO plugin. -->","yoast_head_json":{"title":"Pol\u00edtica de cookies - Aran Hostel","robots":{"index":"index","follow":"follow","max-snippet":"max-snippet:-1","max-image-preview":"max-image-preview:large","max-video-preview":"max-video-preview:-1"},"canonical":"https:\/\/www.aranhostel.cat\/es\/pco\/","og_locale":"es_ES","og_type":"article","og_title":"Pol\u00edtica de cookies - Aran Hostel","og_description":"Fecha de entrada en vigor: 20-May-2025 \u00bfQu\u00e9 son las cookies? Esta Pol\u00edtica de Cookies explica qu\u00e9 son las cookies y c\u00f3mo las utilizamos, los tipos de cookies que usamos, es decir, la informaci\u00f3n que recopilamos mediante cookies y c\u00f3mo se utiliza esa informaci\u00f3n, y c\u00f3mo gestionar la configuraci\u00f3n de cookies. Las cookies son peque\u00f1os archivos [&hellip;]","og_url":"https:\/\/www.aranhostel.cat\/es\/pco\/","og_site_name":"Aran Hostel","article_modified_time":"2025-05-20T07:47:23+00:00","og_image":[{"width":429,"height":95,"url":"https:\/\/www.aranhostel.cat\/wp-content\/uploads\/2022\/01\/aran-hostel-salardu.png","type":"image\/png"}],"twitter_card":"summary_large_image","twitter_misc":{"Tiempo de lectura":"2 minutos"},"schema":{"@context":"https:\/\/schema.org","@graph":[{"@type":"WebPage","@id":"https:\/\/www.aranhostel.cat\/es\/pco\/","url":"https:\/\/www.aranhostel.cat\/es\/pco\/","name":"Pol\u00edtica de cookies - Aran Hostel","isPartOf":{"@id":"https:\/\/www.aranhostel.cat\/#website"},"datePublished":"2025-05-20T07:35:43+00:00","dateModified":"2025-05-20T07:47:23+00:00","breadcrumb":{"@id":"https:\/\/www.aranhostel.cat\/es\/pco\/#breadcrumb"},"inLanguage":"es","potentialAction":[{"@type":"ReadAction","target":["https:\/\/www.aranhostel.cat\/es\/pco\/"]}]},{"@type":"BreadcrumbList","@id":"https:\/\/www.aranhostel.cat\/es\/pco\/#breadcrumb","itemListElement":[{"@type":"ListItem","position":1,"name":"Home","item":"https:\/\/www.aranhostel.cat\/es\/"},{"@type":"ListItem","position":2,"name":"Pol\u00edtica de cookies"}]},{"@type":"WebSite","@id":"https:\/\/www.aranhostel.cat\/#website","url":"https:\/\/www.aranhostel.cat\/","name":"Aran Hostel","description":"Al\u00f3jate en el coraz\u00f3n del Valle de Ar\u00e1n","alternateName":"Allotja\u2019t al cor de la Vall d\u2019Aran","potentialAction":[{"@type":"SearchAction","target":{"@type":"EntryPoint","urlTemplate":"https:\/\/www.aranhostel.cat\/?s={search_term_string}"},"query-input":{"@type":"PropertyValueSpecification","valueRequired":true,"valueName":"search_term_string"}}],"inLanguage":"es"}]}},"_links":{"self":[{"href":"https:\/\/www.aranhostel.cat\/es\/wp-json\/wp\/v2\/pages\/18056","targetHints":{"allow":["GET"]}}],"collection":[{"href":"https:\/\/www.aranhostel.cat\/es\/wp-json\/wp\/v2\/pages"}],"about":[{"href":"https:\/\/www.aranhostel.cat\/es\/wp-json\/wp\/v2\/types\/page"}],"author":[{"embeddable":true,"href":"https:\/\/www.aranhostel.cat\/es\/wp-json\/wp\/v2\/users\/9"}],"replies":[{"embeddable":true,"href":"https:\/\/www.aranhostel.cat\/es\/wp-json\/wp\/v2\/comments?post=18056"}],"version-history":[{"count":2,"href":"https:\/\/www.aranhostel.cat\/es\/wp-json\/wp\/v2\/pages\/18056\/revisions"}],"predecessor-version":[{"id":18066,"href":"https:\/\/www.aranhostel.cat\/es\/wp-json\/wp\/v2\/pages\/18056\/revisions\/18066"}],"wp:attachment":[{"href":"https:\/\/www.aranhostel.cat\/es\/wp-json\/wp\/v2\/media?parent=18056"}],"curies":[{"name":"wp","href":"https:\/\/api.w.org\/{rel}","templated":true}]}}