{"id":11462,"date":"2023-03-06T12:22:48","date_gmt":"2023-03-06T10:22:48","guid":{"rendered":"https:\/\/www.aranhostel.cat\/cdr\/"},"modified":"2024-11-29T10:30:44","modified_gmt":"2024-11-29T08:30:44","slug":"cdr","status":"publish","type":"page","link":"https:\/\/www.aranhostel.cat\/va\/cdr\/","title":{"rendered":"Condicions generals de reserva"},"content":{"rendered":"\t\t<div data-elementor-type=\"wp-page\" data-elementor-id=\"11462\" class=\"elementor elementor-11462 elementor-10610\" data-elementor-post-type=\"page\">\n\t\t\t\t\t\t<section class=\"elementor-section elementor-top-section elementor-element elementor-element-1b54108e elementor-section-boxed elementor-section-height-default elementor-section-height-default\" data-id=\"1b54108e\" data-element_type=\"section\" data-e-type=\"section\">\n\t\t\t\t\t\t<div class=\"elementor-container elementor-column-gap-default\">\n\t\t\t\t\t<div class=\"elementor-column elementor-col-100 elementor-top-column elementor-element elementor-element-affea8f\" data-id=\"affea8f\" data-element_type=\"column\" data-e-type=\"column\">\n\t\t\t<div class=\"elementor-widget-wrap elementor-element-populated\">\n\t\t\t\t\t\t<div class=\"elementor-element elementor-element-a7ba161 elementor-widget elementor-widget-text-editor\" data-id=\"a7ba161\" data-element_type=\"widget\" data-e-type=\"widget\" data-widget_type=\"text-editor.default\">\n\t\t\t\t<div class=\"elementor-widget-container\">\n\t\t\t\t\t\t\t\t\t<p>Les pol\u00edtiques de cancel\u00b7laci\u00f3 seg\u00fcents s&#8217;apliquen a reserves particulars de fins a 10 persones. Per a reserves de m\u00e9s de 10 persones s&#8217;apliquen pol\u00edtiques de cancel\u00b7laci\u00f3 especials que seran esmentades de forma espec\u00edfica a la reserva.<\/p><p><br>La nostra pol\u00edtica de cancel\u00b7laci\u00f3 general \u00e9s de 7 DIES abans del dia d&#8217;arribada. \u00c9s a dir, si es cancel\u00b7la o es modifica la reserva abans de 7 DIES del dia d&#8217;arribada al Hostel no es realitzar\u00e0 cap cobrament. Si es cancel\u00b7la o modifica la reserva despr\u00e9s d&#8217;aquest termini o el client no es presenta al Hostel es carregar\u00e0 el 100% de la reserva a la targeta de cr\u00e8dit indicada al moment de la reserva. Aquesta pol\u00edtica s&#8217;aplicar\u00e0 de manera general.&nbsp;<\/p><p><br>Les condicions meteorol\u00f2giques adverses s\u00f3n inherents a l&#8217;entorn de muntanya on es troba l&#8217;Aran Hostel. Aquestes circumst\u00e0ncies no afecten la nostra pol\u00edtica de cancel\u00b7laci\u00f3 est\u00e0ndard, ja que es consideren part de l&#8217;experi\u00e8ncia de muntanya. No es realitzaran reemborsaments per cancel\u00b7lacions degudes a condicions clim\u00e0tiques, excepte en casos de for\u00e7a major que impedeixin l&#8217;acc\u00e9s a l&#8217;hostel o obliguin a la seva evacuaci\u00f3 per ordre de les autoritats competents.<br><\/p><p><br><\/p>\n<div><span style=\"color: #000000; font-family: Montserrat, sans-serif;\"><span style=\"font-size: 15px;\">A la sortida del Hostel, cal retornar la targeta de l&#8217;habitaci\u00f3. En cas de no fer-ho, es realitzar\u00e0 un c\u00e0rrec de 5\u20ac a la targeta de cr\u00e8dit indicada al moment de fer la reserva.<\/span><\/span><\/div>\t\t\t\t\t\t\t\t<\/div>\n\t\t\t\t<\/div>\n\t\t\t\t\t<\/div>\n\t\t<\/div>\n\t\t\t\t\t<\/div>\n\t\t<\/section>\n\t\t\t\t<section class=\"elementor-section elementor-top-section elementor-element elementor-element-f573daa elementor-section-boxed elementor-section-height-default elementor-section-height-default\" data-id=\"f573daa\" data-element_type=\"section\" data-e-type=\"section\">\n\t\t\t\t\t\t<div class=\"elementor-container elementor-column-gap-default\">\n\t\t\t\t\t<div class=\"elementor-column elementor-col-100 elementor-top-column elementor-element elementor-element-d66cab2\" data-id=\"d66cab2\" data-element_type=\"column\" data-e-type=\"column\">\n\t\t\t<div class=\"elementor-widget-wrap elementor-element-populated\">\n\t\t\t\t\t\t<div class=\"elementor-element elementor-element-b1ff01c title2 elementor-widget elementor-widget-heading\" data-id=\"b1ff01c\" data-element_type=\"widget\" data-e-type=\"widget\" data-widget_type=\"heading.default\">\n\t\t\t\t<div class=\"elementor-widget-container\">\n\t\t\t\t\t<p class=\"elementor-heading-title elementor-size-default\">Pol\u00edtica de pagament<\/p>\t\t\t\t<\/div>\n\t\t\t\t<\/div>\n\t\t\t\t<div class=\"elementor-element elementor-element-263fbe6 elementor-widget elementor-widget-text-editor\" data-id=\"263fbe6\" data-element_type=\"widget\" data-e-type=\"widget\" data-widget_type=\"text-editor.default\">\n\t\t\t\t<div class=\"elementor-widget-container\">\n\t\t\t\t\t\t\t\t\t<p>Si reserveu a trav\u00e9s del nostre web aranhostel.cat el c\u00e0rrec de l&#8217;estada es far\u00e0 set dies abans de l&#8217;arribada a l&#8217;hostel a trav\u00e9s de la passarel\u00b7la de pagament STRIPE.<\/p>\t\t\t\t\t\t\t\t<\/div>\n\t\t\t\t<\/div>\n\t\t\t\t\t<\/div>\n\t\t<\/div>\n\t\t\t\t\t<\/div>\n\t\t<\/section>\n\t\t\t\t<section class=\"elementor-section elementor-top-section elementor-element elementor-element-2d8344b elementor-section-boxed elementor-section-height-default elementor-section-height-default\" data-id=\"2d8344b\" data-element_type=\"section\" data-e-type=\"section\">\n\t\t\t\t\t\t<div class=\"elementor-container elementor-column-gap-default\">\n\t\t\t\t\t<div class=\"elementor-column elementor-col-100 elementor-top-column elementor-element elementor-element-e36d52c\" data-id=\"e36d52c\" data-element_type=\"column\" data-e-type=\"column\">\n\t\t\t<div class=\"elementor-widget-wrap elementor-element-populated\">\n\t\t\t\t\t\t<div class=\"elementor-element elementor-element-1697c89 title2 elementor-widget elementor-widget-heading\" data-id=\"1697c89\" data-element_type=\"widget\" data-e-type=\"widget\" data-widget_type=\"heading.default\">\n\t\t\t\t<div class=\"elementor-widget-container\">\n\t\t\t\t\t<p class=\"elementor-heading-title elementor-size-default\">Impostos i taxes<\/p>\t\t\t\t<\/div>\n\t\t\t\t<\/div>\n\t\t\t\t<div class=\"elementor-element elementor-element-98f5df5 elementor-widget elementor-widget-text-editor\" data-id=\"98f5df5\" data-element_type=\"widget\" data-e-type=\"widget\" data-widget_type=\"text-editor.default\">\n\t\t\t\t<div class=\"elementor-widget-container\">\n\t\t\t\t\t\t\t\t\t<p>Els preus inclouen els impostos a excepci\u00f3 de la TAXA TUR\u00cdSTICA. S&#8217;aplica la taxa tur\u00edstica prevista per la Generalitat de Catalunya de 0,60 \u20ac per persona i per nit, i es paga directament al Hostel a part de la reserva d&#8217;allotjament i altres serveis o activitats. La taxa tur\u00edstica no s&#8217;aplicar\u00e0 a partir de la 8a nit d&#8217;estada ni a menors de 16 anys.<br>\nAl Hostel pots pagar a EFECTIU (euros), VISA o MASTERCARD.<\/p>\n<p>Per a m\u00e9s informaci\u00f3 contacteu amb nosaltres a trav\u00e9s de l&#8217;adre\u00e7a de correu aranhostel@cec.cat.<\/p>\t\t\t\t\t\t\t\t<\/div>\n\t\t\t\t<\/div>\n\t\t\t\t\t<\/div>\n\t\t<\/div>\n\t\t\t\t\t<\/div>\n\t\t<\/section>\n\t\t\t\t<section class=\"elementor-section elementor-top-section elementor-element elementor-element-93854ab elementor-section-boxed elementor-section-height-default elementor-section-height-default\" data-id=\"93854ab\" data-element_type=\"section\" data-e-type=\"section\">\n\t\t\t\t\t\t<div class=\"elementor-container elementor-column-gap-default\">\n\t\t\t\t\t<div class=\"elementor-column elementor-col-100 elementor-top-column elementor-element elementor-element-c284882\" data-id=\"c284882\" data-element_type=\"column\" data-e-type=\"column\">\n\t\t\t<div class=\"elementor-widget-wrap elementor-element-populated\">\n\t\t\t\t\t\t<div class=\"elementor-element elementor-element-cf392a3 title2 elementor-widget elementor-widget-heading\" data-id=\"cf392a3\" data-element_type=\"widget\" data-e-type=\"widget\" data-widget_type=\"heading.default\">\n\t\t\t\t<div class=\"elementor-widget-container\">\n\t\t\t\t\t<p class=\"elementor-heading-title elementor-size-default\">Reserves de grups<\/p>\t\t\t\t<\/div>\n\t\t\t\t<\/div>\n\t\t\t\t<div class=\"elementor-element elementor-element-65048b4 elementor-widget elementor-widget-text-editor\" data-id=\"65048b4\" data-element_type=\"widget\" data-e-type=\"widget\" data-widget_type=\"text-editor.default\">\n\t\t\t\t<div class=\"elementor-widget-container\">\n\t\t\t\t\t\t\t\t\t<p>Si sou m\u00e9s de 10 persones heu de fer la reserva com un grup a trav\u00e9s del correu electr\u00f2nic. Les condicions de reserva i de cancel\u00b7laci\u00f3 s\u00f3n diferents de les reserves particulars en funci\u00f3 de la mida del grup i de la temporada. En el proc\u00e9s de reserva us les detallarem de manera clara i espec\u00edfica.<\/p><p><br><\/p>\n<p>Versi\u00f3: Novembre de 2024.<\/p>\t\t\t\t\t\t\t\t<\/div>\n\t\t\t\t<\/div>\n\t\t\t\t\t<\/div>\n\t\t<\/div>\n\t\t\t\t\t<\/div>\n\t\t<\/section>\n\t\t\t\t<\/div>\n\t\t","protected":false},"excerpt":{"rendered":"<p>Les pol\u00edtiques de cancel\u00b7laci\u00f3 seg\u00fcents s&#8217;apliquen a reserves particulars de fins a 10 persones. Per a reserves de m\u00e9s de 10 persones s&#8217;apliquen pol\u00edtiques de cancel\u00b7laci\u00f3 especials que seran esmentades de forma espec\u00edfica a la reserva. La nostra pol\u00edtica de cancel\u00b7laci\u00f3 general \u00e9s de 7 DIES abans del dia d&#8217;arribada. \u00c9s a dir, si es [&hellip;]<\/p>\n","protected":false},"author":1,"featured_media":0,"parent":0,"menu_order":0,"comment_status":"closed","ping_status":"closed","template":"","meta":{"footnotes":""},"class_list":["post-11462","page","type-page","status-publish","has-post-thumbnail","hentry"],"yoast_head":"<!-- This site is optimized with the Yoast SEO plugin v27.5 - https:\/\/yoast.com\/product\/yoast-seo-wordpress\/ -->\n<title>Condicions generals de reserva - Aran Hostel<\/title>\n<meta name=\"robots\" content=\"noindex, follow\" \/>\n<meta property=\"og:locale\" content=\"en_US\" \/>\n<meta property=\"og:type\" content=\"article\" \/>\n<meta property=\"og:title\" content=\"Condicions generals de reserva - Aran Hostel\" \/>\n<meta property=\"og:description\" content=\"Les pol\u00edtiques de cancel\u00b7laci\u00f3 seg\u00fcents s&#8217;apliquen a reserves particulars de fins a 10 persones. Per a reserves de m\u00e9s de 10 persones s&#8217;apliquen pol\u00edtiques de cancel\u00b7laci\u00f3 especials que seran esmentades de forma espec\u00edfica a la reserva. La nostra pol\u00edtica de cancel\u00b7laci\u00f3 general \u00e9s de 7 DIES abans del dia d&#8217;arribada. \u00c9s a dir, si es [&hellip;]\" \/>\n<meta property=\"og:url\" content=\"https:\/\/www.aranhostel.cat\/va\/cdr\/\" \/>\n<meta property=\"og:site_name\" content=\"Aran Hostel\" \/>\n<meta property=\"article:modified_time\" content=\"2024-11-29T08:30:44+00:00\" \/>\n<meta property=\"og:image\" content=\"https:\/\/www.aranhostel.cat\/wp-content\/uploads\/2022\/01\/aran-hostel-salardu.png\" \/>\n\t<meta property=\"og:image:width\" content=\"429\" \/>\n\t<meta property=\"og:image:height\" content=\"95\" \/>\n\t<meta property=\"og:image:type\" content=\"image\/png\" \/>\n<meta name=\"twitter:card\" content=\"summary_large_image\" \/>\n<meta name=\"twitter:label1\" content=\"Est. reading time\" \/>\n\t<meta name=\"twitter:data1\" content=\"3 minutes\" \/>\n<script type=\"application\/ld+json\" class=\"yoast-schema-graph\">{\"@context\":\"https:\\\/\\\/schema.org\",\"@graph\":[{\"@type\":\"WebPage\",\"@id\":\"https:\\\/\\\/www.aranhostel.cat\\\/va\\\/cdr\\\/\",\"url\":\"https:\\\/\\\/www.aranhostel.cat\\\/va\\\/cdr\\\/\",\"name\":\"Condicions generals de reserva - Aran Hostel\",\"isPartOf\":{\"@id\":\"https:\\\/\\\/www.aranhostel.cat\\\/#website\"},\"datePublished\":\"2023-03-06T10:22:48+00:00\",\"dateModified\":\"2024-11-29T08:30:44+00:00\",\"breadcrumb\":{\"@id\":\"https:\\\/\\\/www.aranhostel.cat\\\/va\\\/cdr\\\/#breadcrumb\"},\"inLanguage\":\"va\",\"potentialAction\":[{\"@type\":\"ReadAction\",\"target\":[\"https:\\\/\\\/www.aranhostel.cat\\\/va\\\/cdr\\\/\"]}]},{\"@type\":\"BreadcrumbList\",\"@id\":\"https:\\\/\\\/www.aranhostel.cat\\\/va\\\/cdr\\\/#breadcrumb\",\"itemListElement\":[{\"@type\":\"ListItem\",\"position\":1,\"name\":\"Home\",\"item\":\"https:\\\/\\\/www.aranhostel.cat\\\/va\\\/\"},{\"@type\":\"ListItem\",\"position\":2,\"name\":\"Condicions generals de reserva\"}]},{\"@type\":\"WebSite\",\"@id\":\"https:\\\/\\\/www.aranhostel.cat\\\/#website\",\"url\":\"https:\\\/\\\/www.aranhostel.cat\\\/\",\"name\":\"Aran Hostel\",\"description\":\"L\u00f2tja-te en c\u00f2r dera Val d\u2019Aran\",\"alternateName\":\"Allotja\u2019t al cor de la Vall d\u2019Aran\",\"potentialAction\":[{\"@type\":\"SearchAction\",\"target\":{\"@type\":\"EntryPoint\",\"urlTemplate\":\"https:\\\/\\\/www.aranhostel.cat\\\/?s={search_term_string}\"},\"query-input\":{\"@type\":\"PropertyValueSpecification\",\"valueRequired\":true,\"valueName\":\"search_term_string\"}}],\"inLanguage\":\"va\"}]}<\/script>\n<!-- \/ Yoast SEO plugin. -->","yoast_head_json":{"title":"Condicions generals de reserva - Aran Hostel","robots":{"index":"noindex","follow":"follow"},"og_locale":"en_US","og_type":"article","og_title":"Condicions generals de reserva - Aran Hostel","og_description":"Les pol\u00edtiques de cancel\u00b7laci\u00f3 seg\u00fcents s&#8217;apliquen a reserves particulars de fins a 10 persones. Per a reserves de m\u00e9s de 10 persones s&#8217;apliquen pol\u00edtiques de cancel\u00b7laci\u00f3 especials que seran esmentades de forma espec\u00edfica a la reserva. La nostra pol\u00edtica de cancel\u00b7laci\u00f3 general \u00e9s de 7 DIES abans del dia d&#8217;arribada. \u00c9s a dir, si es [&hellip;]","og_url":"https:\/\/www.aranhostel.cat\/va\/cdr\/","og_site_name":"Aran Hostel","article_modified_time":"2024-11-29T08:30:44+00:00","og_image":[{"width":429,"height":95,"url":"https:\/\/www.aranhostel.cat\/wp-content\/uploads\/2022\/01\/aran-hostel-salardu.png","type":"image\/png"}],"twitter_card":"summary_large_image","twitter_misc":{"Est. reading time":"3 minutes"},"schema":{"@context":"https:\/\/schema.org","@graph":[{"@type":"WebPage","@id":"https:\/\/www.aranhostel.cat\/va\/cdr\/","url":"https:\/\/www.aranhostel.cat\/va\/cdr\/","name":"Condicions generals de reserva - Aran Hostel","isPartOf":{"@id":"https:\/\/www.aranhostel.cat\/#website"},"datePublished":"2023-03-06T10:22:48+00:00","dateModified":"2024-11-29T08:30:44+00:00","breadcrumb":{"@id":"https:\/\/www.aranhostel.cat\/va\/cdr\/#breadcrumb"},"inLanguage":"va","potentialAction":[{"@type":"ReadAction","target":["https:\/\/www.aranhostel.cat\/va\/cdr\/"]}]},{"@type":"BreadcrumbList","@id":"https:\/\/www.aranhostel.cat\/va\/cdr\/#breadcrumb","itemListElement":[{"@type":"ListItem","position":1,"name":"Home","item":"https:\/\/www.aranhostel.cat\/va\/"},{"@type":"ListItem","position":2,"name":"Condicions generals de reserva"}]},{"@type":"WebSite","@id":"https:\/\/www.aranhostel.cat\/#website","url":"https:\/\/www.aranhostel.cat\/","name":"Aran Hostel","description":"L\u00f2tja-te en c\u00f2r dera Val d\u2019Aran","alternateName":"Allotja\u2019t al cor de la Vall d\u2019Aran","potentialAction":[{"@type":"SearchAction","target":{"@type":"EntryPoint","urlTemplate":"https:\/\/www.aranhostel.cat\/?s={search_term_string}"},"query-input":{"@type":"PropertyValueSpecification","valueRequired":true,"valueName":"search_term_string"}}],"inLanguage":"va"}]}},"_links":{"self":[{"href":"https:\/\/www.aranhostel.cat\/va\/wp-json\/wp\/v2\/pages\/11462","targetHints":{"allow":["GET"]}}],"collection":[{"href":"https:\/\/www.aranhostel.cat\/va\/wp-json\/wp\/v2\/pages"}],"about":[{"href":"https:\/\/www.aranhostel.cat\/va\/wp-json\/wp\/v2\/types\/page"}],"author":[{"embeddable":true,"href":"https:\/\/www.aranhostel.cat\/va\/wp-json\/wp\/v2\/users\/1"}],"replies":[{"embeddable":true,"href":"https:\/\/www.aranhostel.cat\/va\/wp-json\/wp\/v2\/comments?post=11462"}],"version-history":[{"count":26,"href":"https:\/\/www.aranhostel.cat\/va\/wp-json\/wp\/v2\/pages\/11462\/revisions"}],"predecessor-version":[{"id":16309,"href":"https:\/\/www.aranhostel.cat\/va\/wp-json\/wp\/v2\/pages\/11462\/revisions\/16309"}],"wp:attachment":[{"href":"https:\/\/www.aranhostel.cat\/va\/wp-json\/wp\/v2\/media?parent=11462"}],"curies":[{"name":"wp","href":"https:\/\/api.w.org\/{rel}","templated":true}]}}