{"id":11463,"date":"2022-01-26T21:28:47","date_gmt":"2022-01-26T19:28:47","guid":{"rendered":"https:\/\/www.aranhostel.cat\/contacte\/"},"modified":"2023-03-28T14:03:39","modified_gmt":"2023-03-28T12:03:39","slug":"contacte","status":"publish","type":"page","link":"https:\/\/www.aranhostel.cat\/va\/contacte\/","title":{"rendered":"Contacte"},"content":{"rendered":"\t\t<div data-elementor-type=\"wp-page\" data-elementor-id=\"11463\" class=\"elementor elementor-11463 elementor-9176\" data-elementor-post-type=\"page\">\n\t\t\t\t\t\t<section class=\"elementor-section elementor-top-section elementor-element elementor-element-eb294e8 elementor-section-boxed elementor-section-height-default elementor-section-height-default\" data-id=\"eb294e8\" data-element_type=\"section\" data-e-type=\"section\">\n\t\t\t\t\t\t<div class=\"elementor-container elementor-column-gap-default\">\n\t\t\t\t\t<div class=\"elementor-column elementor-col-100 elementor-top-column elementor-element elementor-element-87dbc48\" data-id=\"87dbc48\" data-element_type=\"column\" data-e-type=\"column\">\n\t\t\t<div class=\"elementor-widget-wrap elementor-element-populated\">\n\t\t\t\t\t\t<div class=\"elementor-element elementor-element-681a9df subtith1 elementor-widget elementor-widget-text-editor\" data-id=\"681a9df\" data-element_type=\"widget\" data-e-type=\"widget\" data-widget_type=\"text-editor.default\">\n\t\t\t\t<div class=\"elementor-widget-container\">\n\t\t\t\t\t\t\t\t\t<h1>CONTACTE ARAN HOSTEL<\/h1>\t\t\t\t\t\t\t\t<\/div>\n\t\t\t\t<\/div>\n\t\t\t\t\t<\/div>\n\t\t<\/div>\n\t\t\t\t\t<\/div>\n\t\t<\/section>\n\t\t\t\t<section class=\"elementor-section elementor-top-section elementor-element elementor-element-15f5e50 elementor-section-boxed elementor-section-height-default elementor-section-height-default\" data-id=\"15f5e50\" data-element_type=\"section\" data-e-type=\"section\">\n\t\t\t\t\t\t<div class=\"elementor-container elementor-column-gap-default\">\n\t\t\t\t\t<div class=\"elementor-column elementor-col-50 elementor-top-column elementor-element elementor-element-34433eff\" data-id=\"34433eff\" data-element_type=\"column\" data-e-type=\"column\">\n\t\t\t<div class=\"elementor-widget-wrap elementor-element-populated\">\n\t\t\t\t\t\t<div class=\"elementor-element elementor-element-6b96390 title2 elementor-widget elementor-widget-heading\" data-id=\"6b96390\" data-element_type=\"widget\" data-e-type=\"widget\" data-widget_type=\"heading.default\">\n\t\t\t\t<div class=\"elementor-widget-container\">\n\t\t\t\t\t<p class=\"elementor-heading-title elementor-size-default\">Envia-mos un messatge e t\u2019arresponeram <br> \u00e7\u00f2 de m\u00e8s l\u00e8u possible.<\/p>\t\t\t\t<\/div>\n\t\t\t\t<\/div>\n\t\t\t\t<div class=\"elementor-element elementor-element-cb2235d elementor-widget-divider--view-line elementor-widget elementor-widget-divider\" data-id=\"cb2235d\" data-element_type=\"widget\" data-e-type=\"widget\" data-widget_type=\"divider.default\">\n\t\t\t\t<div class=\"elementor-widget-container\">\n\t\t\t\t\t\t\t<div class=\"elementor-divider\">\n\t\t\t<span class=\"elementor-divider-separator\">\n\t\t\t\t\t\t<\/span>\n\t\t<\/div>\n\t\t\t\t\t\t<\/div>\n\t\t\t\t<\/div>\n\t\t\t\t<div class=\"elementor-element elementor-element-5694fb4b elementor-widget elementor-widget-shortcode\" data-id=\"5694fb4b\" data-element_type=\"widget\" data-e-type=\"widget\" data-widget_type=\"shortcode.default\">\n\t\t\t\t<div class=\"elementor-widget-container\">\n\t\t\t\t\t\t\t<div class=\"elementor-shortcode\">\n<div class=\"wpcf7 no-js\" id=\"wpcf7-f11067-o1\" lang=\"va\" dir=\"ltr\" data-wpcf7-id=\"11067\">\n<div class=\"screen-reader-response\"><p role=\"status\" aria-live=\"polite\" aria-atomic=\"true\"><\/p> <ul><\/ul><\/div>\n<form action=\"\/va\/wp-json\/wp\/v2\/pages\/11463#wpcf7-f11067-o1\" method=\"post\" class=\"wpcf7-form init\" aria-label=\"Contact form\" novalidate=\"novalidate\" data-status=\"init\">\n<fieldset class=\"hidden-fields-container\"><input type=\"hidden\" name=\"_wpcf7\" value=\"11067\" \/><input type=\"hidden\" name=\"_wpcf7_version\" value=\"6.1.5\" \/><input type=\"hidden\" name=\"_wpcf7_locale\" value=\"va\" \/><input type=\"hidden\" name=\"_wpcf7_unit_tag\" value=\"wpcf7-f11067-o1\" \/><input type=\"hidden\" name=\"_wpcf7_container_post\" value=\"0\" \/><input type=\"hidden\" name=\"_wpcf7_posted_data_hash\" value=\"\" \/><input type=\"hidden\" name=\"_wpcf7_recaptcha_response\" value=\"\" \/>\n<\/fieldset>\n<div class=\"st-contact-form\">\n\t<div class=\"contact-form\">\n\t\t<div class=\"form-group\">\n\t\t\t<p><span class=\"wpcf7-form-control-wrap\" data-name=\"your-name\"><input size=\"40\" maxlength=\"400\" class=\"wpcf7-form-control wpcf7-text wpcf7-validates-as-required form-control\" aria-required=\"true\" aria-invalid=\"false\" placeholder=\"Nom*\" value=\"\" type=\"text\" name=\"your-name\" \/><\/span>\n\t\t\t<\/p>\n\t\t<\/div>\n\t\t<div class=\"form-group\">\n\t\t\t<p><span class=\"wpcf7-form-control-wrap\" data-name=\"your-phone\"><input size=\"40\" maxlength=\"400\" class=\"wpcf7-form-control wpcf7-text wpcf7-validates-as-required form-control\" aria-required=\"true\" aria-invalid=\"false\" placeholder=\"Tel\u00e8fon*\" value=\"\" type=\"text\" name=\"your-phone\" \/><\/span>\n\t\t\t<\/p>\n\t\t<\/div>\n\t\t<div class=\"form-group\">\n\t\t\t<p><span class=\"wpcf7-form-control-wrap\" data-name=\"your-email\"><input size=\"40\" maxlength=\"400\" class=\"wpcf7-form-control wpcf7-email wpcf7-validates-as-required wpcf7-text wpcf7-validates-as-email form-control\" aria-required=\"true\" aria-invalid=\"false\" placeholder=\"Email*\" value=\"\" type=\"email\" name=\"your-email\" \/><\/span>\n\t\t\t<\/p>\n\t\t<\/div>\n\t\t<div class=\"form-group\">\n\t\t\t<p><span class=\"wpcf7-form-control-wrap\" data-name=\"your-message\"><textarea cols=\"40\" rows=\"10\" maxlength=\"2000\" class=\"wpcf7-form-control wpcf7-textarea form-control\" aria-invalid=\"false\" placeholder=\"Missatge\" name=\"your-message\"><\/textarea><\/span>\n\t\t\t<\/p>\n\t\t<\/div>\n\t\t<p>* Camps obligat\u00f2ris\n\t\t<\/p>\n\t\t<div class=\"form-group\" style=\"padding-top:40px;\">\n\t\t\t<p><span class=\"wpcf7-form-control-wrap\" data-name=\"acceptance-911\"><span class=\"wpcf7-form-control wpcf7-acceptance\"><span class=\"wpcf7-list-item\"><label><input type=\"checkbox\" name=\"acceptance-911\" value=\"1\" aria-invalid=\"false\" \/><span class=\"wpcf7-list-item-label\"><span style=\"font-size:14px !important; color:#000;\">\u00c8 liejut e acc\u00e8pti era <\/span> <a href=\"https:\/\/www.aranhostel.cat\/va\/ppr\/#ppr\" target=\"_blank\" style=\"font-size:14px; color:#000; text-decoration:underline;\">pol\u00edtica de privadan\u00e7a<\/a><\/span><\/label><\/span><\/span><\/span>\n\t\t\t<\/p>\n\t\t<\/div>\n\t\t<p><input class=\"wpcf7-form-control wpcf7-submit has-spinner btn btn-primary\" type=\"submit\" value=\"ENVIAR MESSATGE\" \/>\n\t\t<\/p>\n\t<\/div>\n<\/div><div class=\"wpcf7-response-output\" aria-hidden=\"true\"><\/div>\n<\/form>\n<\/div>\n<\/div>\n\t\t\t\t\t\t<\/div>\n\t\t\t\t<\/div>\n\t\t\t\t\t<\/div>\n\t\t<\/div>\n\t\t\t\t<div class=\"elementor-column elementor-col-50 elementor-top-column elementor-element elementor-element-4fbd8b73\" data-id=\"4fbd8b73\" data-element_type=\"column\" data-e-type=\"column\">\n\t\t\t<div class=\"elementor-widget-wrap elementor-element-populated\">\n\t\t\t\t\t\t<div class=\"elementor-element elementor-element-2b2f4911 elementor-widget elementor-widget-image\" data-id=\"2b2f4911\" data-element_type=\"widget\" data-e-type=\"widget\" data-widget_type=\"image.default\">\n\t\t\t\t<div class=\"elementor-widget-container\">\n\t\t\t\t\t\t\t\t\t\t\t\t\t\t\t<img fetchpriority=\"high\" decoding=\"async\" width=\"470\" height=\"546\" src=\"https:\/\/www.aranhostel.cat\/wp-content\/uploads\/2023\/03\/aran-hostel-contact.jpg\" class=\"attachment-full size-full wp-image-10995\" alt=\"\" srcset=\"https:\/\/www.aranhostel.cat\/wp-content\/uploads\/2023\/03\/aran-hostel-contact.jpg 470w, https:\/\/www.aranhostel.cat\/wp-content\/uploads\/2023\/03\/aran-hostel-contact-768x892.jpg 768w, https:\/\/www.aranhostel.cat\/wp-content\/uploads\/2023\/03\/aran-hostel-contact-600x697.jpg 600w\" sizes=\"(max-width: 470px) 100vw, 470px\" \/>\t\t\t\t\t\t\t\t\t\t\t\t\t\t\t<\/div>\n\t\t\t\t<\/div>\n\t\t\t\t<section class=\"elementor-section elementor-inner-section elementor-element elementor-element-67df0208 elementor-section-boxed elementor-section-height-default elementor-section-height-default\" data-id=\"67df0208\" data-element_type=\"section\" data-e-type=\"section\" data-settings=\"{&quot;background_background&quot;:&quot;classic&quot;}\">\n\t\t\t\t\t\t<div class=\"elementor-container elementor-column-gap-default\">\n\t\t\t\t\t<div class=\"elementor-column elementor-col-50 elementor-inner-column elementor-element elementor-element-76864345\" data-id=\"76864345\" data-element_type=\"column\" data-e-type=\"column\" data-settings=\"{&quot;background_background&quot;:&quot;classic&quot;}\">\n\t\t\t<div class=\"elementor-widget-wrap elementor-element-populated\">\n\t\t\t\t\t\t<div class=\"elementor-element elementor-element-4e15d883 elementor-widget elementor-widget-heading\" data-id=\"4e15d883\" data-element_type=\"widget\" data-e-type=\"widget\" data-widget_type=\"heading.default\">\n\t\t\t\t<div class=\"elementor-widget-container\">\n\t\t\t\t\t<h2 class=\"elementor-heading-title elementor-size-default\">Aran Hostel<\/h2>\t\t\t\t<\/div>\n\t\t\t\t<\/div>\n\t\t\t\t<div class=\"elementor-element elementor-element-36191fa8 elementor-widget elementor-widget-text-editor\" data-id=\"36191fa8\" data-element_type=\"widget\" data-e-type=\"widget\" data-widget_type=\"text-editor.default\">\n\t\t\t\t<div class=\"elementor-widget-container\">\n\t\t\t\t\t\t\t\t\t<p class=\"address\" style=\"color: #fff;\">Tel\u00e8fon. + 648 52 81 96<\/p>\n<p class=\"address\" style=\"color: #fff;\">Email. <a style=\"color: #fff;\" href=\"mailto:aranhostel@cec.cat\">aranhostel@cec.cat<\/a><\/p>\n&nbsp;\n<p class=\"address\" style=\"color: #fff;\">Carr\u00e8r Carret\u00e8ra, 55, 25598\nSalard\u00fa, Lleida<\/p>\n&nbsp;\t\t\t\t\t\t\t\t<\/div>\n\t\t\t\t<\/div>\n\t\t\t\t\t<\/div>\n\t\t<\/div>\n\t\t\t\t<div class=\"elementor-column elementor-col-50 elementor-inner-column elementor-element elementor-element-7d8a862c\" data-id=\"7d8a862c\" data-element_type=\"column\" data-e-type=\"column\">\n\t\t\t<div class=\"elementor-widget-wrap\">\n\t\t\t\t\t\t\t<\/div>\n\t\t<\/div>\n\t\t\t\t\t<\/div>\n\t\t<\/section>\n\t\t\t\t\t<\/div>\n\t\t<\/div>\n\t\t\t\t\t<\/div>\n\t\t<\/section>\n\t\t\t\t<section class=\"elementor-section elementor-top-section elementor-element elementor-element-2b940e63 elementor-section-full_width elementor-section-height-default elementor-section-height-default\" data-id=\"2b940e63\" data-element_type=\"section\" data-e-type=\"section\">\n\t\t\t\t\t\t<div class=\"elementor-container elementor-column-gap-no\">\n\t\t\t\t\t<div class=\"elementor-column elementor-col-100 elementor-top-column elementor-element elementor-element-22816f8\" data-id=\"22816f8\" data-element_type=\"column\" data-e-type=\"column\">\n\t\t\t<div class=\"elementor-widget-wrap elementor-element-populated\">\n\t\t\t\t\t\t<div class=\"elementor-element elementor-element-51e12a7 elementor-widget elementor-widget-text-editor\" data-id=\"51e12a7\" data-element_type=\"widget\" data-e-type=\"widget\" data-widget_type=\"text-editor.default\">\n\t\t\t\t<div class=\"elementor-widget-container\">\n\t\t\t\t\t\t\t\t\t<iframe style=\"border: none;\" src=\"https:\/\/snazzymaps.com\/embed\/468179\" width=\"800px\" height=\"600px\"><\/iframe>\t\t\t\t\t\t\t\t<\/div>\n\t\t\t\t<\/div>\n\t\t\t\t\t<\/div>\n\t\t<\/div>\n\t\t\t\t\t<\/div>\n\t\t<\/section>\n\t\t\t\t<\/div>\n\t\t","protected":false},"excerpt":{"rendered":"<p>CONTACTE ARAN HOSTEL Envia-mos un messatge e t\u2019arresponeram \u00e7\u00f2 de m\u00e8s l\u00e8u possible. Aran Hostel Tel\u00e8fon. + 648 52 81 96 Email. aranhostel@cec.cat &nbsp; Carr\u00e8r Carret\u00e8ra, 55, 25598 Salard\u00fa, Lleida &nbsp;<\/p>\n","protected":false},"author":1,"featured_media":0,"parent":0,"menu_order":0,"comment_status":"closed","ping_status":"closed","template":"template-fullwidth.php","meta":{"footnotes":""},"class_list":["post-11463","page","type-page","status-publish","has-post-thumbnail","hentry"],"yoast_head":"<!-- This site is optimized with the Yoast SEO plugin v27.4 - https:\/\/yoast.com\/product\/yoast-seo-wordpress\/ -->\n<title>Contacte - Aran Hostel<\/title>\n<meta name=\"description\" content=\"Envia&#039;ns un missatge i et contestaremel m\u00e9s aviat possible\" \/>\n<meta name=\"robots\" content=\"index, follow, max-snippet:-1, max-image-preview:large, max-video-preview:-1\" \/>\n<link rel=\"canonical\" href=\"https:\/\/www.aranhostel.cat\/va\/contacte\/\" \/>\n<meta property=\"og:locale\" content=\"en_US\" \/>\n<meta property=\"og:type\" content=\"article\" \/>\n<meta property=\"og:title\" content=\"Contacte - Aran Hostel\" \/>\n<meta property=\"og:description\" content=\"Envia&#039;ns un missatge i et contestaremel m\u00e9s aviat possible\" \/>\n<meta property=\"og:url\" content=\"https:\/\/www.aranhostel.cat\/va\/contacte\/\" \/>\n<meta property=\"og:site_name\" content=\"Aran Hostel\" \/>\n<meta property=\"article:modified_time\" content=\"2023-03-28T12:03:39+00:00\" \/>\n<meta property=\"og:image\" content=\"https:\/\/www.aranhostel.cat\/wp-content\/uploads\/2023\/03\/aran-hostel-contact.jpg\" \/>\n<meta name=\"twitter:card\" content=\"summary_large_image\" \/>\n<meta name=\"twitter:label1\" content=\"Est. reading time\" \/>\n\t<meta name=\"twitter:data1\" content=\"1 minute\" \/>\n<script type=\"application\/ld+json\" class=\"yoast-schema-graph\">{\"@context\":\"https:\\\/\\\/schema.org\",\"@graph\":[{\"@type\":\"WebPage\",\"@id\":\"https:\\\/\\\/www.aranhostel.cat\\\/va\\\/contacte\\\/\",\"url\":\"https:\\\/\\\/www.aranhostel.cat\\\/va\\\/contacte\\\/\",\"name\":\"Contacte - Aran Hostel\",\"isPartOf\":{\"@id\":\"https:\\\/\\\/www.aranhostel.cat\\\/#website\"},\"primaryImageOfPage\":{\"@id\":\"https:\\\/\\\/www.aranhostel.cat\\\/va\\\/contacte\\\/#primaryimage\"},\"image\":{\"@id\":\"https:\\\/\\\/www.aranhostel.cat\\\/va\\\/contacte\\\/#primaryimage\"},\"thumbnailUrl\":\"https:\\\/\\\/www.aranhostel.cat\\\/wp-content\\\/uploads\\\/2023\\\/03\\\/aran-hostel-contact.jpg\",\"datePublished\":\"2022-01-26T19:28:47+00:00\",\"dateModified\":\"2023-03-28T12:03:39+00:00\",\"description\":\"Envia'ns un missatge i et contestaremel m\u00e9s aviat possible\",\"breadcrumb\":{\"@id\":\"https:\\\/\\\/www.aranhostel.cat\\\/va\\\/contacte\\\/#breadcrumb\"},\"inLanguage\":\"va\",\"potentialAction\":[{\"@type\":\"ReadAction\",\"target\":[\"https:\\\/\\\/www.aranhostel.cat\\\/va\\\/contacte\\\/\"]}]},{\"@type\":\"ImageObject\",\"inLanguage\":\"va\",\"@id\":\"https:\\\/\\\/www.aranhostel.cat\\\/va\\\/contacte\\\/#primaryimage\",\"url\":\"https:\\\/\\\/www.aranhostel.cat\\\/wp-content\\\/uploads\\\/2023\\\/03\\\/aran-hostel-contact.jpg\",\"contentUrl\":\"https:\\\/\\\/www.aranhostel.cat\\\/wp-content\\\/uploads\\\/2023\\\/03\\\/aran-hostel-contact.jpg\"},{\"@type\":\"BreadcrumbList\",\"@id\":\"https:\\\/\\\/www.aranhostel.cat\\\/va\\\/contacte\\\/#breadcrumb\",\"itemListElement\":[{\"@type\":\"ListItem\",\"position\":1,\"name\":\"Home\",\"item\":\"https:\\\/\\\/www.aranhostel.cat\\\/va\\\/\"},{\"@type\":\"ListItem\",\"position\":2,\"name\":\"Contacte\"}]},{\"@type\":\"WebSite\",\"@id\":\"https:\\\/\\\/www.aranhostel.cat\\\/#website\",\"url\":\"https:\\\/\\\/www.aranhostel.cat\\\/\",\"name\":\"Aran Hostel\",\"description\":\"L\u00f2tja-te en c\u00f2r dera Val d\u2019Aran\",\"alternateName\":\"Allotja\u2019t al cor de la Vall d\u2019Aran\",\"potentialAction\":[{\"@type\":\"SearchAction\",\"target\":{\"@type\":\"EntryPoint\",\"urlTemplate\":\"https:\\\/\\\/www.aranhostel.cat\\\/?s={search_term_string}\"},\"query-input\":{\"@type\":\"PropertyValueSpecification\",\"valueRequired\":true,\"valueName\":\"search_term_string\"}}],\"inLanguage\":\"va\"}]}<\/script>\n<!-- \/ Yoast SEO plugin. -->","yoast_head_json":{"title":"Contacte - Aran Hostel","description":"Envia'ns un missatge i et contestaremel m\u00e9s aviat possible","robots":{"index":"index","follow":"follow","max-snippet":"max-snippet:-1","max-image-preview":"max-image-preview:large","max-video-preview":"max-video-preview:-1"},"canonical":"https:\/\/www.aranhostel.cat\/va\/contacte\/","og_locale":"en_US","og_type":"article","og_title":"Contacte - Aran Hostel","og_description":"Envia'ns un missatge i et contestaremel m\u00e9s aviat possible","og_url":"https:\/\/www.aranhostel.cat\/va\/contacte\/","og_site_name":"Aran Hostel","article_modified_time":"2023-03-28T12:03:39+00:00","og_image":[{"url":"https:\/\/www.aranhostel.cat\/wp-content\/uploads\/2023\/03\/aran-hostel-contact.jpg","type":"","width":"","height":""}],"twitter_card":"summary_large_image","twitter_misc":{"Est. reading time":"1 minute"},"schema":{"@context":"https:\/\/schema.org","@graph":[{"@type":"WebPage","@id":"https:\/\/www.aranhostel.cat\/va\/contacte\/","url":"https:\/\/www.aranhostel.cat\/va\/contacte\/","name":"Contacte - Aran Hostel","isPartOf":{"@id":"https:\/\/www.aranhostel.cat\/#website"},"primaryImageOfPage":{"@id":"https:\/\/www.aranhostel.cat\/va\/contacte\/#primaryimage"},"image":{"@id":"https:\/\/www.aranhostel.cat\/va\/contacte\/#primaryimage"},"thumbnailUrl":"https:\/\/www.aranhostel.cat\/wp-content\/uploads\/2023\/03\/aran-hostel-contact.jpg","datePublished":"2022-01-26T19:28:47+00:00","dateModified":"2023-03-28T12:03:39+00:00","description":"Envia'ns un missatge i et contestaremel m\u00e9s aviat possible","breadcrumb":{"@id":"https:\/\/www.aranhostel.cat\/va\/contacte\/#breadcrumb"},"inLanguage":"va","potentialAction":[{"@type":"ReadAction","target":["https:\/\/www.aranhostel.cat\/va\/contacte\/"]}]},{"@type":"ImageObject","inLanguage":"va","@id":"https:\/\/www.aranhostel.cat\/va\/contacte\/#primaryimage","url":"https:\/\/www.aranhostel.cat\/wp-content\/uploads\/2023\/03\/aran-hostel-contact.jpg","contentUrl":"https:\/\/www.aranhostel.cat\/wp-content\/uploads\/2023\/03\/aran-hostel-contact.jpg"},{"@type":"BreadcrumbList","@id":"https:\/\/www.aranhostel.cat\/va\/contacte\/#breadcrumb","itemListElement":[{"@type":"ListItem","position":1,"name":"Home","item":"https:\/\/www.aranhostel.cat\/va\/"},{"@type":"ListItem","position":2,"name":"Contacte"}]},{"@type":"WebSite","@id":"https:\/\/www.aranhostel.cat\/#website","url":"https:\/\/www.aranhostel.cat\/","name":"Aran Hostel","description":"L\u00f2tja-te en c\u00f2r dera Val d\u2019Aran","alternateName":"Allotja\u2019t al cor de la Vall d\u2019Aran","potentialAction":[{"@type":"SearchAction","target":{"@type":"EntryPoint","urlTemplate":"https:\/\/www.aranhostel.cat\/?s={search_term_string}"},"query-input":{"@type":"PropertyValueSpecification","valueRequired":true,"valueName":"search_term_string"}}],"inLanguage":"va"}]}},"_links":{"self":[{"href":"https:\/\/www.aranhostel.cat\/va\/wp-json\/wp\/v2\/pages\/11463","targetHints":{"allow":["GET"]}}],"collection":[{"href":"https:\/\/www.aranhostel.cat\/va\/wp-json\/wp\/v2\/pages"}],"about":[{"href":"https:\/\/www.aranhostel.cat\/va\/wp-json\/wp\/v2\/types\/page"}],"author":[{"embeddable":true,"href":"https:\/\/www.aranhostel.cat\/va\/wp-json\/wp\/v2\/users\/1"}],"replies":[{"embeddable":true,"href":"https:\/\/www.aranhostel.cat\/va\/wp-json\/wp\/v2\/comments?post=11463"}],"version-history":[{"count":7,"href":"https:\/\/www.aranhostel.cat\/va\/wp-json\/wp\/v2\/pages\/11463\/revisions"}],"predecessor-version":[{"id":12749,"href":"https:\/\/www.aranhostel.cat\/va\/wp-json\/wp\/v2\/pages\/11463\/revisions\/12749"}],"wp:attachment":[{"href":"https:\/\/www.aranhostel.cat\/va\/wp-json\/wp\/v2\/media?parent=11463"}],"curies":[{"name":"wp","href":"https:\/\/api.w.org\/{rel}","templated":true}]}}