{"id":18064,"date":"2025-05-20T09:35:43","date_gmt":"2025-05-20T07:35:43","guid":{"rendered":"https:\/\/www.aranhostel.cat\/?page_id=18064"},"modified":"2025-05-20T09:46:01","modified_gmt":"2025-05-20T07:46:01","slug":"pco","status":"publish","type":"page","link":"https:\/\/www.aranhostel.cat\/va\/pco\/","title":{"rendered":"Pol\u00edtica de cookies"},"content":{"rendered":"<p>Data d\u2019entrada en vigor: 20-de-mai-2025<\/p>\n<h4>Qu\u00e8 son es cookies?<\/h4>\n<p>Aquera Politica de Cookies explique qu\u00e9 son es cookies e coma les utilizam, es tipes de cookies qu\u2019utilizam, es donades qu\u2019amassam a trau\u00e8s des cookies e coma s\u2019utilizen, e coma gestionar es param\u00e8tres des cookies.<\/p>\n<p>Es cookies son petits fichi\u00e8rs de t\u00e8xte que s\u2019utilizen ent\u00e0 guardar petites informacions. Se desposen en eth v\u00f2ste dispositiu quan eth site web se cargue en eth navegador. Aquestes cookies mos ajudan a h\u00e8r que eth site web funcione corr\u00e8ctament, que sigue m\u00e8s segur, qu\u2019ofr\u00edsque ua experi\u00e9ncia d\u2019usatge melhora e ent\u00e0 compr\u00e9ner coma foncione eth site e analisar \u00e7\u00f2 que foncione e \u00e7\u00f2 que cau melhorar.<\/p>\n<h4>Coma utilizam es cookies?<\/h4>\n<p>Com era m\u00e0ger part des servicis en linha, eth n\u00f2ste site utilize cookies pr\u00f2pries e de tresaus ent\u00e0 diu\u00e8rses foncions. Es cookies pr\u00f2pries son de besonh ent\u00e0 que eth site funcione corr\u00e8ctament e non recuelhen cap donada personau identificabla.<\/p>\n<p>Es cookies de tresaus que s\u2019utilizen en eth n\u00f2ste site web servissen principalament ent\u00e0 compr\u00e9ner eth foncionament deth site, era v\u00f2sta interaccion damb eth, mantier es servicis segurs, ofrir publicitat adequada e, globalament, melhorar era v\u00f2sta experi\u00e9ncia d\u2019usatge e accelerar es interaccions futures damb eth site.<\/p>\n<p>[wcc_category_list]<\/p>\n<h4>Gestionar es prefer\u00e9ncies de cookies<\/h4>\n<p>Podetz cambiar es v\u00f2stes prefer\u00e9ncies de cookies en tot clicar eth boton [wcc_preference_button]. Aquer\u00f2 vos permetr\u00e0 tornar a visualizar era bann\u00e8ra de consentiment e modificar es v\u00f2stes prefer\u00e9ncies o retirar eth v\u00f2ste consentiment de seguida. Ath del\u00e0 d\u2019a\u00e7\u00f2, es navegadors ofrissen opcions ent\u00e0 blocar o suprimir es cookies. Podetz modificar era configuracion deth v\u00f2ste navegador ent\u00e0 blocar o suprimir es cookies. Ac\u00ed devath trobatz es liens cap a documents de sup\u00f2rt des principaus navegadors:<\/p>\n<p>Chrome: <a href=\"https:\/\/support.google.com\/accounts\/answer\/32050\"> https:\/\/support.google.com\/accounts\/answer\/32050<\/a><\/p>\n<p>Safari: <a href=\"https:\/\/support.apple.com\/en-in\/guide\/safari\/sfri11471\/mac\">https:\/\/support.apple.com\/en-in\/guide\/safari\/sfri11471\/mac<\/a><\/p>\n<p>Firefox: <a href=\"https:\/\/support.mozilla.org\/en-US\/kb\/clear-cookies-and-site-data-firefox?redirectslug=delete-cookies-remove-info-websites-stored&amp;redirectlocale=en-US\">https:\/\/support.mozilla.org\/en-US\/kb\/clear-cookies-and-site-data-firefox?redirectslug=delete-cookies-remove-info-websites-stored&amp;redirectlocale=en-US<\/a><\/p>\n<p>Microsoft Edge: <a href=\"https:\/\/support.microsoft.com\/en-us\/microsoft-edge\/delete-cookies-in-microsoft-edge-63947406-40ac-c3b8-57b9-2a946a29ae09\">Suprimir es cookies en Microsoft Edge &#8211; Sup\u00f2rt de Microsoft<\/a><\/p>\n<p>Se utilizatz quauque navegador diferent, consultatz era documentacion de sup\u00f2rt oficiau.<\/p>\n","protected":false},"excerpt":{"rendered":"<p>Data d\u2019entrada en vigor: 20-de-mai-2025 Qu\u00e8 son es cookies? Aquera Politica de Cookies explique qu\u00e9 son es cookies e coma les utilizam, es tipes de cookies qu\u2019utilizam, es donades qu\u2019amassam a trau\u00e8s des cookies e coma s\u2019utilizen, e coma gestionar es param\u00e8tres des cookies. Es cookies son petits fichi\u00e8rs de t\u00e8xte que s\u2019utilizen ent\u00e0 guardar [&hellip;]<\/p>\n","protected":false},"author":9,"featured_media":0,"parent":0,"menu_order":0,"comment_status":"closed","ping_status":"closed","template":"","meta":{"footnotes":""},"class_list":["post-18064","page","type-page","status-publish","has-post-thumbnail","hentry"],"yoast_head":"<!-- This site is optimized with the Yoast SEO plugin v27.5 - https:\/\/yoast.com\/product\/yoast-seo-wordpress\/ -->\n<title>Pol\u00edtica de cookies - Aran Hostel<\/title>\n<meta name=\"robots\" content=\"index, follow, max-snippet:-1, max-image-preview:large, max-video-preview:-1\" \/>\n<link rel=\"canonical\" href=\"https:\/\/www.aranhostel.cat\/va\/pco\/\" \/>\n<meta property=\"og:locale\" content=\"en_US\" \/>\n<meta property=\"og:type\" content=\"article\" \/>\n<meta property=\"og:title\" content=\"Pol\u00edtica de cookies - Aran Hostel\" \/>\n<meta property=\"og:description\" content=\"Data d\u2019entrada en vigor: 20-de-mai-2025 Qu\u00e8 son es cookies? Aquera Politica de Cookies explique qu\u00e9 son es cookies e coma les utilizam, es tipes de cookies qu\u2019utilizam, es donades qu\u2019amassam a trau\u00e8s des cookies e coma s\u2019utilizen, e coma gestionar es param\u00e8tres des cookies. Es cookies son petits fichi\u00e8rs de t\u00e8xte que s\u2019utilizen ent\u00e0 guardar [&hellip;]\" \/>\n<meta property=\"og:url\" content=\"https:\/\/www.aranhostel.cat\/va\/pco\/\" \/>\n<meta property=\"og:site_name\" content=\"Aran Hostel\" \/>\n<meta property=\"article:modified_time\" content=\"2025-05-20T07:46:01+00:00\" \/>\n<meta property=\"og:image\" content=\"https:\/\/www.aranhostel.cat\/wp-content\/uploads\/2022\/01\/aran-hostel-salardu.png\" \/>\n\t<meta property=\"og:image:width\" content=\"429\" \/>\n\t<meta property=\"og:image:height\" content=\"95\" \/>\n\t<meta property=\"og:image:type\" content=\"image\/png\" \/>\n<meta name=\"twitter:card\" content=\"summary_large_image\" \/>\n<meta name=\"twitter:label1\" content=\"Est. reading time\" \/>\n\t<meta name=\"twitter:data1\" content=\"2 minutes\" \/>\n<script type=\"application\/ld+json\" class=\"yoast-schema-graph\">{\"@context\":\"https:\\\/\\\/schema.org\",\"@graph\":[{\"@type\":\"WebPage\",\"@id\":\"https:\\\/\\\/www.aranhostel.cat\\\/va\\\/pco\\\/\",\"url\":\"https:\\\/\\\/www.aranhostel.cat\\\/va\\\/pco\\\/\",\"name\":\"Pol\u00edtica de cookies - Aran Hostel\",\"isPartOf\":{\"@id\":\"https:\\\/\\\/www.aranhostel.cat\\\/#website\"},\"datePublished\":\"2025-05-20T07:35:43+00:00\",\"dateModified\":\"2025-05-20T07:46:01+00:00\",\"breadcrumb\":{\"@id\":\"https:\\\/\\\/www.aranhostel.cat\\\/va\\\/pco\\\/#breadcrumb\"},\"inLanguage\":\"va\",\"potentialAction\":[{\"@type\":\"ReadAction\",\"target\":[\"https:\\\/\\\/www.aranhostel.cat\\\/va\\\/pco\\\/\"]}]},{\"@type\":\"BreadcrumbList\",\"@id\":\"https:\\\/\\\/www.aranhostel.cat\\\/va\\\/pco\\\/#breadcrumb\",\"itemListElement\":[{\"@type\":\"ListItem\",\"position\":1,\"name\":\"Home\",\"item\":\"https:\\\/\\\/www.aranhostel.cat\\\/va\\\/\"},{\"@type\":\"ListItem\",\"position\":2,\"name\":\"Pol\u00edtica de cookies\"}]},{\"@type\":\"WebSite\",\"@id\":\"https:\\\/\\\/www.aranhostel.cat\\\/#website\",\"url\":\"https:\\\/\\\/www.aranhostel.cat\\\/\",\"name\":\"Aran Hostel\",\"description\":\"L\u00f2tja-te en c\u00f2r dera Val d\u2019Aran\",\"alternateName\":\"Allotja\u2019t al cor de la Vall d\u2019Aran\",\"potentialAction\":[{\"@type\":\"SearchAction\",\"target\":{\"@type\":\"EntryPoint\",\"urlTemplate\":\"https:\\\/\\\/www.aranhostel.cat\\\/?s={search_term_string}\"},\"query-input\":{\"@type\":\"PropertyValueSpecification\",\"valueRequired\":true,\"valueName\":\"search_term_string\"}}],\"inLanguage\":\"va\"}]}<\/script>\n<!-- \/ Yoast SEO plugin. -->","yoast_head_json":{"title":"Pol\u00edtica de cookies - Aran Hostel","robots":{"index":"index","follow":"follow","max-snippet":"max-snippet:-1","max-image-preview":"max-image-preview:large","max-video-preview":"max-video-preview:-1"},"canonical":"https:\/\/www.aranhostel.cat\/va\/pco\/","og_locale":"en_US","og_type":"article","og_title":"Pol\u00edtica de cookies - Aran Hostel","og_description":"Data d\u2019entrada en vigor: 20-de-mai-2025 Qu\u00e8 son es cookies? Aquera Politica de Cookies explique qu\u00e9 son es cookies e coma les utilizam, es tipes de cookies qu\u2019utilizam, es donades qu\u2019amassam a trau\u00e8s des cookies e coma s\u2019utilizen, e coma gestionar es param\u00e8tres des cookies. Es cookies son petits fichi\u00e8rs de t\u00e8xte que s\u2019utilizen ent\u00e0 guardar [&hellip;]","og_url":"https:\/\/www.aranhostel.cat\/va\/pco\/","og_site_name":"Aran Hostel","article_modified_time":"2025-05-20T07:46:01+00:00","og_image":[{"width":429,"height":95,"url":"https:\/\/www.aranhostel.cat\/wp-content\/uploads\/2022\/01\/aran-hostel-salardu.png","type":"image\/png"}],"twitter_card":"summary_large_image","twitter_misc":{"Est. reading time":"2 minutes"},"schema":{"@context":"https:\/\/schema.org","@graph":[{"@type":"WebPage","@id":"https:\/\/www.aranhostel.cat\/va\/pco\/","url":"https:\/\/www.aranhostel.cat\/va\/pco\/","name":"Pol\u00edtica de cookies - Aran Hostel","isPartOf":{"@id":"https:\/\/www.aranhostel.cat\/#website"},"datePublished":"2025-05-20T07:35:43+00:00","dateModified":"2025-05-20T07:46:01+00:00","breadcrumb":{"@id":"https:\/\/www.aranhostel.cat\/va\/pco\/#breadcrumb"},"inLanguage":"va","potentialAction":[{"@type":"ReadAction","target":["https:\/\/www.aranhostel.cat\/va\/pco\/"]}]},{"@type":"BreadcrumbList","@id":"https:\/\/www.aranhostel.cat\/va\/pco\/#breadcrumb","itemListElement":[{"@type":"ListItem","position":1,"name":"Home","item":"https:\/\/www.aranhostel.cat\/va\/"},{"@type":"ListItem","position":2,"name":"Pol\u00edtica de cookies"}]},{"@type":"WebSite","@id":"https:\/\/www.aranhostel.cat\/#website","url":"https:\/\/www.aranhostel.cat\/","name":"Aran Hostel","description":"L\u00f2tja-te en c\u00f2r dera Val d\u2019Aran","alternateName":"Allotja\u2019t al cor de la Vall d\u2019Aran","potentialAction":[{"@type":"SearchAction","target":{"@type":"EntryPoint","urlTemplate":"https:\/\/www.aranhostel.cat\/?s={search_term_string}"},"query-input":{"@type":"PropertyValueSpecification","valueRequired":true,"valueName":"search_term_string"}}],"inLanguage":"va"}]}},"_links":{"self":[{"href":"https:\/\/www.aranhostel.cat\/va\/wp-json\/wp\/v2\/pages\/18064","targetHints":{"allow":["GET"]}}],"collection":[{"href":"https:\/\/www.aranhostel.cat\/va\/wp-json\/wp\/v2\/pages"}],"about":[{"href":"https:\/\/www.aranhostel.cat\/va\/wp-json\/wp\/v2\/types\/page"}],"author":[{"embeddable":true,"href":"https:\/\/www.aranhostel.cat\/va\/wp-json\/wp\/v2\/users\/9"}],"replies":[{"embeddable":true,"href":"https:\/\/www.aranhostel.cat\/va\/wp-json\/wp\/v2\/comments?post=18064"}],"version-history":[{"count":1,"href":"https:\/\/www.aranhostel.cat\/va\/wp-json\/wp\/v2\/pages\/18064\/revisions"}],"predecessor-version":[{"id":18065,"href":"https:\/\/www.aranhostel.cat\/va\/wp-json\/wp\/v2\/pages\/18064\/revisions\/18065"}],"wp:attachment":[{"href":"https:\/\/www.aranhostel.cat\/va\/wp-json\/wp\/v2\/media?parent=18064"}],"curies":[{"name":"wp","href":"https:\/\/api.w.org\/{rel}","templated":true}]}}